{"id":30,"date":"2019-01-29T15:13:32","date_gmt":"2019-01-29T14:13:32","guid":{"rendered":"https:\/\/reifen-weidner.de\/?page_id=30"},"modified":"2024-02-03T10:18:07","modified_gmt":"2024-02-03T09:18:07","slug":"turbo-wash","status":"publish","type":"page","link":"https:\/\/reifen-weidner.de\/?page_id=30","title":{"rendered":"Turbo Wash"},"content":{"rendered":"<div class=\"art-postcontent\">\n<div class=\"art-article\">\n<p style=\"text-align: center;\"><span style=\"color: #ff0000; font-size: 16px;\"><strong><span style=\"font-family: Verdana;\">\u00a0<\/span><\/strong><\/span><\/p>\n<p style=\"text-align: center;\"><span style=\"color: #ff0000; font-size: 16px;\"><strong><span style=\"font-family: Verdana;\">&#8222;DAS R\u00c4DERWASCHGER\u00c4T&#8220;<\/span><\/strong><\/span><\/p>\n<p style=\"text-align: center;\"><strong><span style=\"color: #0000ff;\"><span style=\"font-size: 24px;\"><span style=\"font-family: Verdana;\">TURBO WASCH 3000<\/span><\/span><\/span><\/strong><\/p>\n<p style=\"text-align: center;\"><span style=\"color: #0000ff; font-family: Verdana; font-size: 24px; font-weight: bold;\">\u00a0<\/span><\/p>\n<p style=\"text-align: justify;\"><span style=\"font-family: Verdana;\"><img loading=\"lazy\" decoding=\"async\" class=\"\" style=\"float: left; border: 1px solid #9cafc4;\" src=\"https:\/\/reifen-weidner.de\/wp-content\/uploads\/2019\/01\/Turbo-Wasch-3000.jpg\" alt=\"\" width=\"233\" height=\"233\" \/><\/span><\/p>\n<p style=\"text-align: justify;\"><span style=\"font-family: Verdana;\"><span style=\"color: #ff0000;\"><strong>\u00a0Das Problem<\/strong><\/span><br \/>\nVerschmutzte Reifen und Felgen sind h\u00e4ufig Ursache f\u00fcr ein ungenaues Wuchtergebnis.<\/span><\/p>\n<p style=\"text-align: justify;\"><span style=\"font-family: Verdana;\">\u00a0Ein sauberes Rad ist daher Grundvoraussetzung f\u00fcr optimales und pr\u00e4zises Wuchten. F\u00fcr die Sicherheit und Zufriedenheit unserer\u00a0 Kunden.<br \/>\n<\/span><\/p>\n<p style=\"text-align: justify;\"><span style=\"color: #ff0000;\"><span style=\"font-family: Verdana;\"><span style=\"font-size: 12px;\"><strong>\u00a0Die L\u00f6sung<\/strong><\/span><\/span><\/span><\/p>\n<p style=\"text-align: justify;\"><span style=\"font-family: Verdana;\"><span style=\"font-size: 12px;\">\u00a0Mit der TURBO WASH 3000 k\u00f6nnen wir jetzt R\u00e4der problemlos, schnell und umweltfreundlich reinigen.<\/span><\/span><\/p>\n<p style=\"text-align: justify;\"><span style=\"font-family: Verdana;\"><span style=\"font-size: 12px;\">\u00a0Das TIP TOP R\u00e4derwaschger\u00e4t ist ein Schritt zu mehr Fahrsicherheit und verbessertem Kundenservice.<\/span><\/span><\/p>\n<p><strong>Die Technik<\/strong><\/p>\n<p><span style=\"font-family: Verdana;\"><span style=\"font-size: 12px;\"><strong><span style=\"color: #ff0000;\">Der einzigartige Waschvorgang<\/span><\/strong><br \/>\nEin dynamischer Spr\u00fcharm spritzt kaltes Wasser unter Druck auf das rotierende Rad. Ein konzentrierter Wasserstrahl bearbeitet w\u00e4hrend des Waschvorgangs das gesamte Rad. Schmutzpartikel sinken auf den Maschinenboden, Granulat und Wasser werden wieder aufgesaugt und erneut auf das Rad gespritzt. Die Trocknung erfolgt durch Pressluft.<\/span><\/span><strong><br \/>\n<\/strong><\/p>\n<p style=\"text-align: justify;\"><span style=\"color: #ff0000;\"><span style=\"font-family: Verdana;\"><span style=\"font-size: 12px;\"><strong>Die patentierte Waschtechnik<\/strong><\/span><\/span><\/span><span style=\"font-family: Verdana;\"><span style=\"font-size: 12px;\"><br \/>\nDie Reinigung von Reifen und Felge durch Granulat und Kaltwasser wurde bereits weltweit patentiert. Durch\u00a0 das gro\u00dfe Wasservolumen im rostfreien Waschraum kann das Wasser f\u00fcr viele Waschvorg\u00e4nge verwendet werden. Eine Programmtaste mit Signalfunktion weist den Betreiber auf die Zahl der Waschvorg\u00e4nge bzw. den empfohlenen Wasserwechsel hin.<\/span><\/span><\/p>\n<p style=\"text-align: justify;\"><span style=\"color: #ff0000;\"><span style=\"font-family: Verdana;\"><span style=\"font-size: 12px;\"><strong>Die fortschrittliche Eletronik<\/strong><\/span><\/span><\/span><span style=\"font-family: Verdana;\"><span style=\"font-size: 12px;\"><br \/>\nDie TURBO WASH 3000 kann auf vier verschiedene Waschzeiten (30, 60, 90 und120 Sekunden) programmiert werden. Unabh\u00e4ngig vom gew\u00e4hlten Programm wird so bei jeder Waschzeit ein optimales Waschresultat gew\u00e4hrleistet. Die Gesamtzahl der Waschvorg\u00e4nge sowie die Intervalle bis zum empfohlenen Wasserwechsel k\u00f6nnen \u00fcber Programmtasten mit Signalfunktion jederzeit abgerufen werden.<\/span><\/span><\/p>\n<p style=\"text-align: justify;\"><span style=\"color: #ff0000;\"><strong><span style=\"font-family: Verdana;\"><span style=\"font-size: 12px;\">Die verschiedenen Reifengr\u00f6\u00dfen<\/span><\/span><\/strong><\/span><span style=\"font-family: Verdana;\"><span style=\"font-size: 12px;\"><br \/>\nEine bewegliche Seitenst\u00fctze erm\u00f6glicht die problemlose Reinigung von R\u00e4dern mit einer Breite von 135 mm bis 305 mm und einem Durchmesser bis zu 800 mm. Die Seitenst\u00fctze passt sich automatisch der jeweiligen Reifenbreite an und sorgt so f\u00fcr garantierte Stabilit\u00e4t des Rades w\u00e4hrend der gesamten Waschzeit.<\/span><\/span><\/p>\n<\/div>\n<\/div>\n","protected":false},"excerpt":{"rendered":"<p>\u00a0 &#8222;DAS R\u00c4DERWASCHGER\u00c4T&#8220; TURBO WASCH 3000 \u00a0 \u00a0Das Problem Verschmutzte Reifen und Felgen sind h\u00e4ufig Ursache f\u00fcr ein ungenaues Wuchtergebnis. \u00a0Ein sauberes Rad ist daher Grundvoraussetzung f\u00fcr optimales und pr\u00e4zises Wuchten. F\u00fcr die Sicherheit und Zufriedenheit unserer\u00a0 Kunden. \u00a0Die L\u00f6sung \u00a0Mit der TURBO WASH 3000 k\u00f6nnen wir jetzt R\u00e4der problemlos, schnell und umweltfreundlich reinigen. \u00a0Das [&hellip;]<\/p>\n","protected":false},"author":1,"featured_media":0,"parent":0,"menu_order":10,"comment_status":"closed","ping_status":"closed","template":"","meta":{"footnotes":""},"_links":{"self":[{"href":"https:\/\/reifen-weidner.de\/index.php?rest_route=\/wp\/v2\/pages\/30"}],"collection":[{"href":"https:\/\/reifen-weidner.de\/index.php?rest_route=\/wp\/v2\/pages"}],"about":[{"href":"https:\/\/reifen-weidner.de\/index.php?rest_route=\/wp\/v2\/types\/page"}],"author":[{"embeddable":true,"href":"https:\/\/reifen-weidner.de\/index.php?rest_route=\/wp\/v2\/users\/1"}],"replies":[{"embeddable":true,"href":"https:\/\/reifen-weidner.de\/index.php?rest_route=%2Fwp%2Fv2%2Fcomments&post=30"}],"version-history":[{"count":5,"href":"https:\/\/reifen-weidner.de\/index.php?rest_route=\/wp\/v2\/pages\/30\/revisions"}],"predecessor-version":[{"id":298,"href":"https:\/\/reifen-weidner.de\/index.php?rest_route=\/wp\/v2\/pages\/30\/revisions\/298"}],"wp:attachment":[{"href":"https:\/\/reifen-weidner.de\/index.php?rest_route=%2Fwp%2Fv2%2Fmedia&parent=30"}],"curies":[{"name":"wp","href":"https:\/\/api.w.org\/{rel}","templated":true}]}}