{"id":29,"date":"2019-01-29T15:13:31","date_gmt":"2019-01-29T14:13:31","guid":{"rendered":"https:\/\/reifen-weidner.de\/?page_id=29"},"modified":"2019-01-29T18:58:12","modified_gmt":"2019-01-29T17:58:12","slug":"reifencheck","status":"publish","type":"page","link":"https:\/\/reifen-weidner.de\/?page_id=29","title":{"rendered":"Reifencheck"},"content":{"rendered":"<p><span style=\"color: #000000;\"><span style=\"font-size: 12px;\"><span style=\"font-family: Verdana;\">Kaum ein anderes Teil Ihres Fahrzeugs bedarf soviel Aufmerksamkeit und regelm\u00e4\u00dfiger Kontrolle wie Ihre Bereifung.<\/span><\/span><\/span><\/p>\n<p>Reifen Weidner macht es Ihnen einfach:<br \/>\nUnser Reifencheck umfasst die komplette \u00dcberpr\u00fcfung und Kontrolle Ihrer Reifen, und das kurzfristig, schnell und kostenlos!<\/p>\n<p>Wir helfen Ihnen gern weiter, fragen Sie uns!<\/p>\n<p><img loading=\"lazy\" decoding=\"async\" class=\"aligncenter\" style=\"border: 1px solid #9cafc4;\" src=\"https:\/\/reifen-weidner.de\/wp-content\/uploads\/2019\/01\/check.jpg\" alt=\"\" width=\"448\" height=\"266\" \/><span style=\"color: #000000;\"><span style=\"font-size: 12px;\"><span style=\"font-family: Verdana;\"><br \/>\n<\/span><\/span><\/span><\/p>\n","protected":false},"excerpt":{"rendered":"<p>Kaum ein anderes Teil Ihres Fahrzeugs bedarf soviel Aufmerksamkeit und regelm\u00e4\u00dfiger Kontrolle wie Ihre Bereifung. Reifen Weidner macht es Ihnen einfach: Unser Reifencheck umfasst die komplette \u00dcberpr\u00fcfung und Kontrolle Ihrer Reifen, und das kurzfristig, schnell und kostenlos! Wir helfen Ihnen gern weiter, fragen Sie uns!<\/p>\n","protected":false},"author":1,"featured_media":0,"parent":27,"menu_order":9,"comment_status":"closed","ping_status":"closed","template":"","meta":{"footnotes":""},"_links":{"self":[{"href":"https:\/\/reifen-weidner.de\/index.php?rest_route=\/wp\/v2\/pages\/29"}],"collection":[{"href":"https:\/\/reifen-weidner.de\/index.php?rest_route=\/wp\/v2\/pages"}],"about":[{"href":"https:\/\/reifen-weidner.de\/index.php?rest_route=\/wp\/v2\/types\/page"}],"author":[{"embeddable":true,"href":"https:\/\/reifen-weidner.de\/index.php?rest_route=\/wp\/v2\/users\/1"}],"replies":[{"embeddable":true,"href":"https:\/\/reifen-weidner.de\/index.php?rest_route=%2Fwp%2Fv2%2Fcomments&post=29"}],"version-history":[{"count":8,"href":"https:\/\/reifen-weidner.de\/index.php?rest_route=\/wp\/v2\/pages\/29\/revisions"}],"predecessor-version":[{"id":71,"href":"https:\/\/reifen-weidner.de\/index.php?rest_route=\/wp\/v2\/pages\/29\/revisions\/71"}],"up":[{"embeddable":true,"href":"https:\/\/reifen-weidner.de\/index.php?rest_route=\/wp\/v2\/pages\/27"}],"wp:attachment":[{"href":"https:\/\/reifen-weidner.de\/index.php?rest_route=%2Fwp%2Fv2%2Fmedia&parent=29"}],"curies":[{"name":"wp","href":"https:\/\/api.w.org\/{rel}","templated":true}]}}