{"id":199,"date":"2024-01-31T18:26:16","date_gmt":"2024-01-31T17:26:16","guid":{"rendered":"https:\/\/reifen-weidner.de\/?page_id=199"},"modified":"2024-02-13T12:03:38","modified_gmt":"2024-02-13T11:03:38","slug":"reifenkauf","status":"publish","type":"page","link":"https:\/\/reifen-weidner.de\/?page_id=199","title":{"rendered":"Reifenkauf"},"content":{"rendered":"<h2 class=\"art-postheader\"><span style=\"color: #263340; font-family: Verdana; font-size: 12px; line-height: 22px;\">Reifen gibt es mittlerweile \u00fcberall \u2013 in Baum\u00e4rkten, im Autohaus, im Internet. Dabei wird oft vergessen, dass die Reifen wesentliches Sicherheitsmerkmal des Fahrzeugs sind und ihre Eigenschaften und Qualit\u00e4t zu Fahrkomfort und Stabilit\u00e4t beitragen.<\/span><\/h2>\n<div class=\"art-postcontent\">\n<div class=\"art-article\">\n<p><span style=\"font-size: 12px;\"><span style=\"font-family: Verdana;\">Ihrer Sicherheit zuliebe sollten Sie daher Reifen ausschlie\u00dflich beim Reifenfachhandel erwerben \u2013 dort erfahren Sie kompetente Beratung, freundlichen Service und perfekte Dienstleistung.<\/span><\/span><\/p>\n<p><span style=\"font-size: 12px;\"><span style=\"font-family: Verdana;\">Probieren Sie es aus \u2013 Ihr Reifenfachh\u00e4ndler Peter Weidner findet den perfekten Reifen f\u00fcr Sie. Dieser wird in Abh\u00e4ngigkeit von Ihren Anforderungen \u2013 von Fahrstil, Kilometerleistung und Anspr\u00fcchen \u2013 ausgew\u00e4hlt.<\/span><\/span><\/p>\n<p><span style=\"font-size: 12px;\"><span style=\"font-family: Verdana;\">\u00a0<\/span><\/span><\/p>\n<\/div>\n<\/div>\n<div class=\"csc-header csc-header-n2\">\n<p><strong><span style=\"font-size: 16px;\"><span style=\"font-family: Verdana;\">Wie alt d\u00fcrfen Neureifen sein?<\/span><\/span><\/strong><\/p>\n<\/div>\n<div class=\"csc-textpic-imagewrap\">\n<p>\u00a0<span style=\"font-family: Verdana; font-size: 12px;\">Das Alter ihrer Pneus sollten Autofahrer im Blick haben: Das Reifenalter ist an der Seitenwand des Reifens als vierstellige DOT-Nummer eingepr\u00e4gt. Steht hier hinter &#8222;DOT&#8220; und den zwei darauf folgenden vierstelligen Buchstabenkombinationen zum Beispiel eine 1107, bedeutet dies, dass der Reifen in der 11. Kalenderwoche des Jahres 07 (sprich: 2007) produziert wurde.<\/span><\/p>\n<\/div>\n<p><img loading=\"lazy\" decoding=\"async\" class=\"art-lightbox\" style=\"float: right; border: 1px solid #9cafc4;\" src=\"https:\/\/reifen-weidner.de\/wp-content\/uploads\/DOT.jpg\" alt=\"\" width=\"220\" height=\"165\" \/><span style=\"font-size: 12px;\"><span style=\"font-weight: bold;\">Die DOT-Nummer kann man auf der Reifenflanke ablesen.<\/span><span style=\"font-family: Verdana;\"><br \/>\n<\/span><\/span><\/p>\n<p><span style=\"font-size: 12px;\"><span style=\"font-family: Verdana;\">Pkw-Reifen sollten nach Meinung der Reifenexperten nicht \u00e4lter als zehn Jahre sein. Aber was gilt bei Neureifen, die \u00fcber eine l\u00e4ngere Zeit eingelagert waren? &#8211; Unter der Voraussetzung einer sach- und fachgerechten Lagerung gilt ein Reifen bis zu einem Alter von 3 Jahren als fabrikneu und bis zu maximal 5 Jahren als neu. Bei ungebrauchten Reifen, die nicht \u00e4lter als 5 Jahre sind, sind Kauf und Montage technisch unbedenklich.<\/span><\/span><\/p>\n<p><span style=\"font-size: 12px;\"><span style=\"font-family: Verdana;\">\u00a0<\/span><\/span><\/p>\n<p><img loading=\"lazy\" decoding=\"async\" class=\"\" style=\"float: right;\" src=\"https:\/\/reifen-weidner.de\/wp-content\/uploads\/RFMA.jpg\" alt=\"\" width=\"485\" height=\"364\" \/><span style=\"font-size: 12px;\"><span style=\"font-family: Verdana;\">1 Zoll == 2,54 cm<\/span><\/span><\/p>\n","protected":false},"excerpt":{"rendered":"<p>Reifen gibt es mittlerweile \u00fcberall \u2013 in Baum\u00e4rkten, im Autohaus, im Internet. Dabei wird oft vergessen, dass die Reifen wesentliches Sicherheitsmerkmal des Fahrzeugs sind und ihre Eigenschaften und Qualit\u00e4t zu Fahrkomfort und Stabilit\u00e4t beitragen. Ihrer Sicherheit zuliebe sollten Sie daher Reifen ausschlie\u00dflich beim Reifenfachhandel erwerben \u2013 dort erfahren Sie kompetente Beratung, freundlichen Service und perfekte [&hellip;]<\/p>\n","protected":false},"author":1,"featured_media":0,"parent":198,"menu_order":3,"comment_status":"closed","ping_status":"closed","template":"","meta":{"footnotes":""},"_links":{"self":[{"href":"https:\/\/reifen-weidner.de\/index.php?rest_route=\/wp\/v2\/pages\/199"}],"collection":[{"href":"https:\/\/reifen-weidner.de\/index.php?rest_route=\/wp\/v2\/pages"}],"about":[{"href":"https:\/\/reifen-weidner.de\/index.php?rest_route=\/wp\/v2\/types\/page"}],"author":[{"embeddable":true,"href":"https:\/\/reifen-weidner.de\/index.php?rest_route=\/wp\/v2\/users\/1"}],"replies":[{"embeddable":true,"href":"https:\/\/reifen-weidner.de\/index.php?rest_route=%2Fwp%2Fv2%2Fcomments&post=199"}],"version-history":[{"count":2,"href":"https:\/\/reifen-weidner.de\/index.php?rest_route=\/wp\/v2\/pages\/199\/revisions"}],"predecessor-version":[{"id":575,"href":"https:\/\/reifen-weidner.de\/index.php?rest_route=\/wp\/v2\/pages\/199\/revisions\/575"}],"up":[{"embeddable":true,"href":"https:\/\/reifen-weidner.de\/index.php?rest_route=\/wp\/v2\/pages\/198"}],"wp:attachment":[{"href":"https:\/\/reifen-weidner.de\/index.php?rest_route=%2Fwp%2Fv2%2Fmedia&parent=199"}],"curies":[{"name":"wp","href":"https:\/\/api.w.org\/{rel}","templated":true}]}}